{"id":15994,"date":"2021-05-19T07:07:51","date_gmt":"2021-05-19T07:07:51","guid":{"rendered":"https:\/\/traumarbeit.org\/?page_id=15994"},"modified":"2022-02-09T17:10:10","modified_gmt":"2022-02-09T15:10:10","slug":"home","status":"publish","type":"page","link":"https:\/\/traumarbeit.org\/es\/home\/","title":{"rendered":"Home"},"content":{"rendered":"<div class=\"wpb-content-wrapper\"><p>[vc_row css_animation=\u00bb\u00bb row_type=\u00bbrow\u00bb use_row_as_full_screen_section=\u00bbno\u00bb type=\u00bbfull_width\u00bb angled_section=\u00bbno\u00bb text_align=\u00bbleft\u00bb background_image_as_pattern=\u00bbwithout_pattern\u00bb css=\u00bb.vc_custom_1620812717183{margin-top: 0px !important;}\u00bb z_index=\u00bb\u00bb el_id=\u00bbtraumtagebuch\u00bb][vc_column][\/vc_column][\/vc_row][vc_row css_animation=\u00bb\u00bb row_type=\u00bbrow\u00bb use_row_as_full_screen_section=\u00bbno\u00bb type=\u00bbfull_width\u00bb angled_section=\u00bbno\u00bb text_align=\u00bbleft\u00bb background_image_as_pattern=\u00bbwithout_pattern\u00bb css=\u00bb.vc_custom_1620812717183{margin-top: 0px !important;}\u00bb z_index=\u00bb\u00bb][vc_column][qode_elements_holder background_color=\u00bb#eaeaea\u00bb number_of_columns=\u00bbthree_columns\u00bb switch_to_one_column=\u00bb1300&#8243; alignment_one_column=\u00bbleft\u00bb][qode_elements_holder_item advanced_animations=\u00bbno\u00bb item_padding=\u00bb160px 9% 160px 9%\u00bb][vc_column_text]<\/p>\n<h1><strong>Descubre el significado de tus sue\u00f1os<\/strong><\/h1>\n<p>[\/vc_column_text][vc_separator type=\u00bbsmall\u00bb position=\u00bbleft\u00bb color=\u00bb#272e46&#8243;][vc_column_text]Cualquier persona tiene alguna vez sue\u00f1os que le conmueven o pesadillas o sue\u00f1os repetitivos que merece la pena entender.<\/p>\n<p>&nbsp;<\/p>\n<p>Es muy valioso asomarse al significado de los sue\u00f1os mediante una interpretaci\u00f3n profesional, a\u00fan sin continuidad, puede abrir nuevas perspectivas en tu vida.[\/vc_column_text][vc_empty_space height=\u00bb50px\u00bb]<a  itemprop=\"url\" href=\"https:\/\/traumarbeit.org\/es\/interpretacion-de-los-suenos\/\" target=\"_self\"  class=\"qbutton  default\" style=\"\">m\u00e1s sobre la interpretaci\u00f3n de los sue\u00f1os<\/a>[\/qode_elements_holder_item][qode_elements_holder_item cover=\u00bbyes\u00bb advanced_animations=\u00bbno\u00bb item_padding=\u00bb20px 9% 30x 9%\u00bb background_image=\u00bb15669&#8243;][vc_empty_space height=\u00bb350px\u00bb][\/qode_elements_holder_item][qode_elements_holder_item advanced_animations=\u00bbno\u00bb item_padding=\u00bb160px 9% 160px 9%\u00bb background_color=\u00bb#272e46&#8243;][vc_column_text]<\/p>\n<h1><span style=\"color: #ffffff;\">Sesiones particulares con Lukas Bauer<\/span><\/h1>\n<p>[\/vc_column_text][vc_separator type=\u00bbsmall\u00bb position=\u00bbleft\u00bb color=\u00bb#ffffff\u00bb][vc_column_text]<span style=\"color: #ffffff;\">Lukas Bauer es Terapeuta e int\u00e9rprete de sue\u00f1os con d\u00e9cadas de experiencia en su consulta y en cl\u00ednicas psiqui\u00e1tricas, tanto con personas enfermas como con sanas que buscan su desarrollo personal.<\/span><\/p>\n<p>&nbsp;<\/p>\n<p><span style=\"color: #ffffff;\">Esta dilatada experiencia y su s\u00f3lida formaci\u00f3n en Psicolog\u00eda Profunda e Interpretaci\u00f3n de S\u00edmbolos y Sue\u00f1os te apoyan para elaborar el sentido de tu sue\u00f1o y entrar en los temas que surjan de ello.<\/span>[\/vc_column_text][vc_empty_space height=\u00bb50px\u00bb]<a  itemprop=\"url\" href=\"https:\/\/traumarbeit.org\/es\/reservar-cita\/\" target=\"_self\"  class=\"qbutton  white default\" style=\"\">reservar cita<\/a>[\/qode_elements_holder_item][\/qode_elements_holder][\/vc_column][\/vc_row][vc_row css_animation=\u00bb\u00bb row_type=\u00bbrow\u00bb use_row_as_full_screen_section=\u00bbno\u00bb type=\u00bbfull_width\u00bb angled_section=\u00bbno\u00bb text_align=\u00bbleft\u00bb background_image_as_pattern=\u00bbwithout_pattern\u00bb css=\u00bb.vc_custom_1620812717183{margin-top: 0px !important;}\u00bb z_index=\u00bb\u00bb][vc_column][qode_elements_holder background_color=\u00bb#ffffff\u00bb number_of_columns=\u00bbthree_columns\u00bb switch_to_one_column=\u00bb1000&#8243; alignment_one_column=\u00bbleft\u00bb][qode_elements_holder_item cover=\u00bbyes\u00bb advanced_animations=\u00bbno\u00bb item_padding=\u00bb20px 9% 30x 9%\u00bb background_image=\u00bb15539&#8243;][vc_empty_space height=\u00bb350px\u00bb][\/qode_elements_holder_item][qode_elements_holder_item advanced_animations=\u00bbno\u00bb item_padding=\u00bb160px 9% 160px 9%\u00bb background_color=\u00bb#ffffff\u00bb][vc_column_text]<\/p>\n<h1><strong>Oferta de eventos y sesiones de ter\u00e1pia presenciales<\/strong><\/h1>\n<p>[\/vc_column_text][vc_separator type=\u00bbsmall\u00bb position=\u00bbleft\u00bb color=\u00bb#272e46&#8243;][vc_column_text]Ofrezco sesiones individuales, conferencias, talleres y seminarios, as\u00ed como supervisi\u00f3n en distintos lugares segun la demanda.\u00a0 Podr\u00e1n tener lugar en tu domicilio, tu empresa, tu centro de estudios o donde m\u00e1s te interese dependiendo de las posibilidades de desplazamiento.<\/p>\n<p>Cons\u00falteme las condiciones y posibilidades via mail.[\/vc_column_text][vc_empty_space height=\u00bb50px\u00bb]<a  itemprop=\"url\" href=\"https:\/\/traumarbeit.org\/es\/nuestros-eventos\/\" target=\"_self\"  class=\"qbutton  default\" style=\"\">eventos<\/a>[\/qode_elements_holder_item][qode_elements_holder_item advanced_animations=\u00bbno\u00bb item_padding=\u00bb160px 9% 160px 9%\u00bb background_color=\u00bb#eaeaea\u00bb][vc_column_text]<\/p>\n<h1><strong>Disponible online<\/strong><\/h1>\n<p>[\/vc_column_text][vc_separator type=\u00bbsmall\u00bb position=\u00bbleft\u00bb color=\u00bb#272e46&#8243;][vc_column_text]Todas mis ofertas estan disponible de manera online sin tener que desplazarse.<\/p>\n<p>&nbsp;<\/p>\n<p>Usamos las plataformas skype o zoom.<\/p>\n<p>&nbsp;<\/p>\n<p>Consultando el calendario se ver\u00e1 la disponibilidad de ofertas en diferentes idiomas.<\/p>\n<p>[\/vc_column_text][vc_empty_space height=\u00bb50px\u00bb]<a  itemprop=\"url\" href=\"https:\/\/traumarbeit.org\/es\/nuestros-eventos\/\" target=\"_self\"  class=\"qbutton  default\" style=\"\">eventos<\/a>[\/qode_elements_holder_item][\/qode_elements_holder][\/vc_column][\/vc_row][vc_row css_animation=\u00bb\u00bb row_type=\u00bbrow\u00bb use_row_as_full_screen_section=\u00bbno\u00bb type=\u00bbfull_width\u00bb angled_section=\u00bbno\u00bb text_align=\u00bbleft\u00bb background_image_as_pattern=\u00bbwithout_pattern\u00bb css=\u00bb.vc_custom_1620812717183{margin-top: 0px !important;}\u00bb z_index=\u00bb\u00bb][vc_column][qode_elements_holder background_color=\u00bb#eaeaea\u00bb number_of_columns=\u00bbthree_columns\u00bb switch_to_one_column=\u00bb1300&#8243; alignment_one_column=\u00bbleft\u00bb][qode_elements_holder_item advanced_animations=\u00bbno\u00bb item_padding=\u00bb160px 9% 160px 9%\u00bb background_color=\u00bb#ffffff\u00bb][vc_column_text]<\/p>\n<h3>Supervisi\u00f3n para m\u00e9dicos, psic\u00f3logos u otros terapeutas<\/h3>\n<p>[\/vc_column_text][vc_separator type=\u00bbsmall\u00bb position=\u00bbleft\u00bb color=\u00bb#272e46&#8243;][vc_column_text]Supervisi\u00f3n profesional sirve para terapeutas que quieren entender el significado de los sue\u00f1os de sus clientes sin que tengan formaci\u00f3n en ello. De esa manera pueden incluir el trabajo con los sue\u00f1os en su tratamiento.[\/vc_column_text][vc_empty_space height=\u00bb50px\u00bb]<a  itemprop=\"url\" href=\"https:\/\/traumarbeit.org\/es\/reservar-cita\/\" target=\"_self\"  class=\"qbutton  default\" style=\"\">reservar cita<\/a>[\/qode_elements_holder_item][qode_elements_holder_item cover=\u00bbyes\u00bb advanced_animations=\u00bbno\u00bb item_padding=\u00bb20px 9% 30x 9%\u00bb background_image=\u00bb15776&#8243;][vc_empty_space height=\u00bb350px\u00bb][\/qode_elements_holder_item][qode_elements_holder_item advanced_animations=\u00bbno\u00bb item_padding=\u00bb160px 9% 160px 9%\u00bb background_color=\u00bb#272e46&#8243;][vc_column_text]<\/p>\n<h1><span style=\"color: #ffffff;\">El sue\u00f1o del mes<\/span><\/h1>\n<p>[\/vc_column_text][vc_separator type=\u00bbsmall\u00bb position=\u00bbleft\u00bb color=\u00bb#ffffff\u00bb][vc_column_text]<span style=\"color: #ffffff;\">Cada mes exponemos un nuevo sue\u00f1o y su significado para el so\u00f1ador.<\/span><\/p>\n<p><span style=\"color: #ffffff;\">Esas interpretaciones y la descripci\u00f3n del trabajo terap\u00e9utico muestran claramente la trascendencia que pueden llegar a adquirir los sue\u00f1os que tenemos durante la noche.ajo terap\u00e9utico muestran claramente la trascendencia que pueden llegar a adquirir los sue\u00f1os que tenemos durante la noche.<br \/>\n<\/span>[\/vc_column_text][vc_empty_space height=\u00bb50px\u00bb]<a  itemprop=\"url\" href=\"https:\/\/traumarbeit.org\/es\/el-sueno-del-mes\/\" target=\"_self\"  class=\"qbutton  white default\" style=\"\">sue\u00f1o del mes<\/a>[\/qode_elements_holder_item][\/qode_elements_holder][\/vc_column][\/vc_row][vc_row css_animation=\u00bb\u00bb row_type=\u00bbrow\u00bb use_row_as_full_screen_section=\u00bbno\u00bb type=\u00bbfull_width\u00bb angled_section=\u00bbno\u00bb text_align=\u00bbleft\u00bb background_image_as_pattern=\u00bbwithout_pattern\u00bb css=\u00bb.vc_custom_1620812717183{margin-top: 0px !important;}\u00bb z_index=\u00bb\u00bb][vc_column][qode_elements_holder background_color=\u00bb#eaeaea\u00bb number_of_columns=\u00bbthree_columns\u00bb switch_to_one_column=\u00bb1300&#8243; alignment_one_column=\u00bbleft\u00bb][qode_elements_holder_item cover=\u00bbyes\u00bb advanced_animations=\u00bbno\u00bb item_padding=\u00bb20px 9% 30x 9%\u00bb background_image=\u00bb15549&#8243;][vc_empty_space height=\u00bb350px\u00bb][\/qode_elements_holder_item][qode_elements_holder_item advanced_animations=\u00bbno\u00bb item_padding=\u00bb160px 9% 160px 9%\u00bb][vc_column_text]<\/p>\n<h1>Noticias<\/h1>\n<p>[\/vc_column_text][vc_separator type=\u00bbsmall\u00bb position=\u00bbleft\u00bb color=\u00bb#272e46&#8243;][vc_column_text]Noticias de actividades, congresos, etc. sobre el tema de los sue\u00f1os y la elaboraci\u00f3n de s\u00edmbolos.<\/p>\n<p>&nbsp;<\/p>\n<p>[\/vc_column_text][vc_empty_space height=\u00bb50px\u00bb]<a  itemprop=\"url\" href=\"https:\/\/traumarbeit.org\/es\/noticias-blog\/\" target=\"_self\"  class=\"qbutton  default\" style=\"\">noticias \/ blog<\/a>[\/qode_elements_holder_item][qode_elements_holder_item advanced_animations=\u00bbno\u00bb item_padding=\u00bb160px 9% 160px 9%\u00bb][vc_column_text]<\/p>\n<h1>Adaptaci\u00f3n de los precios para otros paises<\/h1>\n<p>[\/vc_column_text][vc_separator type=\u00bbsmall\u00bb position=\u00bbleft\u00bb color=\u00bb#272e46&#8243;][vc_column_text]Debido a las grandes diferencias de los niveles econ\u00f3micos en los distintos paises ofrezco una adaptaci\u00f3n de mis precios para las consultas al nivel estandard de sus respectivos paises. Solicitelo a trav\u00e9s de mi contacto email.[\/vc_column_text][vc_empty_space height=\u00bb50px\u00bb]<a  itemprop=\"url\" href=\"https:\/\/traumarbeit.org\/es\/noticias-blog\/\" target=\"_self\"  class=\"qbutton  default\" style=\"\">noticias \/ blog<\/a>[\/qode_elements_holder_item][\/qode_elements_holder][\/vc_column][\/vc_row]<\/p>\n<\/div>","protected":false},"excerpt":{"rendered":"<p>[vc_row css_animation=\u00bb\u00bb row_type=\u00bbrow\u00bb use_row_as_full_screen_section=\u00bbno\u00bb type=\u00bbfull_width\u00bb angled_section=\u00bbno\u00bb text_align=\u00bbleft\u00bb background_image_as_pattern=\u00bbwithout_pattern\u00bb css=\u00bb.vc_custom_1620812717183{margin-top: 0px !important;}\u00bb z_index=\u00bb\u00bb el_id=\u00bbtraumtagebuch\u00bb][vc_column][\/vc_column][\/vc_row][vc_row css_animation=\u00bb\u00bb row_type=\u00bbrow\u00bb use_row_as_full_screen_section=\u00bbno\u00bb type=\u00bbfull_width\u00bb angled_section=\u00bbno\u00bb text_align=\u00bbleft\u00bb background_image_as_pattern=\u00bbwithout_pattern\u00bb css=\u00bb.vc_custom_1620812717183{margin-top: 0px !important;}\u00bb z_index=\u00bb\u00bb][vc_column][qode_elements_holder background_color=\u00bb#eaeaea\u00bb number_of_columns=\u00bbthree_columns\u00bb switch_to_one_column=\u00bb1300&#8243; alignment_one_column=\u00bbleft\u00bb][qode_elements_holder_item advanced_animations=\u00bbno\u00bb item_padding=\u00bb160px 9% 160px 9%\u00bb][vc_column_text] Descubre el significado de tus sue\u00f1os [\/vc_column_text][vc_separator type=\u00bbsmall\u00bb position=\u00bbleft\u00bb color=\u00bb#272e46&#8243;][vc_column_text]Cualquier persona tiene&#8230;<\/p>\n","protected":false},"author":1,"featured_media":0,"parent":0,"menu_order":0,"comment_status":"open","ping_status":"open","template":"full_width.php","meta":{"footnotes":""},"class_list":["post-15994","page","type-page","status-publish","hentry"],"_links":{"self":[{"href":"https:\/\/traumarbeit.org\/es\/wp-json\/wp\/v2\/pages\/15994","targetHints":{"allow":["GET"]}}],"collection":[{"href":"https:\/\/traumarbeit.org\/es\/wp-json\/wp\/v2\/pages"}],"about":[{"href":"https:\/\/traumarbeit.org\/es\/wp-json\/wp\/v2\/types\/page"}],"author":[{"embeddable":true,"href":"https:\/\/traumarbeit.org\/es\/wp-json\/wp\/v2\/users\/1"}],"replies":[{"embeddable":true,"href":"https:\/\/traumarbeit.org\/es\/wp-json\/wp\/v2\/comments?post=15994"}],"version-history":[{"count":22,"href":"https:\/\/traumarbeit.org\/es\/wp-json\/wp\/v2\/pages\/15994\/revisions"}],"predecessor-version":[{"id":16990,"href":"https:\/\/traumarbeit.org\/es\/wp-json\/wp\/v2\/pages\/15994\/revisions\/16990"}],"wp:attachment":[{"href":"https:\/\/traumarbeit.org\/es\/wp-json\/wp\/v2\/media?parent=15994"}],"curies":[{"name":"wp","href":"https:\/\/api.w.org\/{rel}","templated":true}]}}