{"id":16241,"date":"2021-06-08T14:58:46","date_gmt":"2021-06-08T14:58:46","guid":{"rendered":"https:\/\/traumarbeit.org\/?page_id=16241"},"modified":"2021-06-09T13:11:48","modified_gmt":"2021-06-09T13:11:48","slug":"cuidados-ambulatorios","status":"publish","type":"page","link":"https:\/\/traumarbeit.org\/es\/cuidados-ambulatorios\/","title":{"rendered":"Cuidados ambulatorios"},"content":{"rendered":"<div class=\"wpb-content-wrapper\"><p>[vc_row css_animation=\u00bb\u00bb row_type=\u00bbrow\u00bb use_row_as_full_screen_section=\u00bbno\u00bb type=\u00bbfull_width\u00bb angled_section=\u00bbno\u00bb text_align=\u00bbleft\u00bb background_image_as_pattern=\u00bbwithout_pattern\u00bb css=\u00bb.vc_custom_1620812717183{margin-top: 0px !important;}\u00bb z_index=\u00bb\u00bb el_id=\u00bbtraumtagebuch\u00bb][vc_column el_id=\u00bb cuidados-psiqui\u00e1tricos-ambulatorios\u00bb][qode_elements_holder background_color=\u00bb#eaeaea\u00bb number_of_columns=\u00bbtwo_columns\u00bb columns_proportion=\u00bb66_33&#8243; switch_to_one_column=\u00bb1000&#8243; alignment_one_column=\u00bbleft\u00bb][qode_elements_holder_item advanced_animations=\u00bbno\u00bb item_padding=\u00bb120px 9% 120px 9%\u00bb item_padding_1280_1440=\u00bb50px 9% 50px 9%\u00bb item_padding_1024_1280=\u00bb50px 9% 50px 9%\u00bb item_padding_768_1024=\u00bb50px 9% 50px 9%\u00bb item_padding_600_768=\u00bb50px 9% 50px 9%\u00bb item_padding_480_600=\u00bb50px 9% 50px 9%\u00bb item_padding_480=\u00bb50px 9% 50px 9%\u00bb][vc_empty_space height=\u00bb50px\u00bb][vc_column_text]<\/p>\n<h1>Cuidados psiqui\u00e1tricos ambulatorios.<\/h1>\n<p>[\/vc_column_text][vc_separator type=\u00bbsmall\u00bb position=\u00bbleft\u00bb color=\u00bb#272e46&#8243;][vc_column_text]<\/p>\n<p class=\"body\">La oferta de cuidados psiqui\u00e1tricos ambulatorios se basa en el principio de la asistencia individual en el entorno domiciliario. Es mi deseo comprender a los clientes completamente, y ocuparme con flexibilidad de las necesidades. A trav\u00e9s del acompa\u00f1amiento individual se puede trabajar en estabilizar el equilibrio social y ps\u00edquico, de forma que la persona sea capaz de asumir m\u00e1s su propia responsabilidad y mejorar su calidad de vida. De acuerdo con el paciente, intentaremos encontrar soluciones para transformar la vida o las situaciones cotidianas, para el bienestar de la persona en cuesti\u00f3n. Trabajo en encontrar soluciones y guiar hacia los objetivos, fij\u00e1ndome en los patrones que est\u00e1n presentes, y sus causas, y elaborando conjuntamente estrategias adecuadas a sus fuerzas y capacidades. En estrecha colaboraci\u00f3n con el medico que lleve el tratamiento, desarrollamos estrategias conjuntas para vivir la crisis en casa con un m\u00ednimo de limitaciones, y tras una estancia hospitalaria, poder volver a integrarse bien en la vida cotidiana. En una primera conversaci\u00f3n con usted en su casa o en la cl\u00ednica, averiguaremos conjuntamente que apoyo desea usted. Acordaremos conjuntamente el objetivo del tratamiento, as\u00ed como la envergadura y la duraci\u00f3n del acompa\u00f1amiento. Comprobaremos y adaptaremos conjunta y regularmente los objetivos.<\/p>\n<p>[\/vc_column_text][vc_empty_space height=\u00bb50px\u00bb][\/qode_elements_holder_item][qode_elements_holder_item cover=\u00bbyes\u00bb advanced_animations=\u00bbno\u00bb item_padding=\u00bb20px 9% 30x 9%\u00bb background_image=\u00bb15822&#8243;][vc_empty_space height=\u00bb350px\u00bb][\/qode_elements_holder_item][\/qode_elements_holder][\/vc_column][\/vc_row][vc_row css_animation=\u00bb\u00bb row_type=\u00bbrow\u00bb use_row_as_full_screen_section=\u00bbno\u00bb type=\u00bbfull_width\u00bb angled_section=\u00bbno\u00bb text_align=\u00bbleft\u00bb background_image_as_pattern=\u00bbwithout_pattern\u00bb css=\u00bb.vc_custom_1620812717183{margin-top: 0px !important;}\u00bb z_index=\u00bb\u00bb][vc_column el_id=\u00bbservicios-que-ofrecemos\u00bb][qode_elements_holder background_color=\u00bb#eaeaea\u00bb number_of_columns=\u00bbtwo_columns\u00bb columns_proportion=\u00bb33_66&#8243; switch_to_one_column=\u00bb1000&#8243; alignment_one_column=\u00bbleft\u00bb][qode_elements_holder_item cover=\u00bbyes\u00bb advanced_animations=\u00bbno\u00bb item_padding=\u00bb20px 9% 30x 9%\u00bb background_image=\u00bb15644&#8243;][vc_empty_space height=\u00bb350px\u00bb][\/qode_elements_holder_item][qode_elements_holder_item advanced_animations=\u00bbno\u00bb item_padding=\u00bb120px 9% 120px 9%\u00bb background_color=\u00bb#272e46&#8243; item_padding_1280_1440=\u00bb50px 9% 50px 9%\u00bb item_padding_1024_1280=\u00bb50px 9% 50px 9%\u00bb item_padding_768_1024=\u00bb50px 9% 50px 9%\u00bb item_padding_600_768=\u00bb50px 9% 50px 9%\u00bb item_padding_480_600=\u00bb50px 9% 50px 9%\u00bb item_padding_480=\u00bb50px 9% 50px 9%\u00bb][vc_empty_space height=\u00bb50px\u00bb][vc_column_text]<\/p>\n<h1><span style=\"color: #ffffff;\">Servicios que ofrecemos<\/span><\/h1>\n<p>[\/vc_column_text][vc_separator type=\u00bbsmall\u00bb position=\u00bbleft\u00bb color=\u00bb#ffffff\u00bb][vc_column_text]<\/p>\n<ul>\n<li class=\"body\"><span style=\"color: #ffffff;\">Asesoramiento y ayuda para el entendimiento de crisis an\u00edmicas y enfermedades.<\/span><\/li>\n<li class=\"body\"><span style=\"color: #ffffff;\">Asistencia en atenci\u00f3n nocturna y en estancias cl\u00ednicas.<\/span><\/li>\n<li class=\"body\"><span style=\"color: #ffffff;\">Intervenciones en crisis.<\/span><\/li>\n<li class=\"body\"><span style=\"color: #ffffff;\">Mediaci\u00f3n de conflictos.<\/span><\/li>\n<li class=\"body\"><span style=\"color: #ffffff;\">Asesor\u00eda en cuesti\u00f3n de enfermedades psiqui\u00e1tricas.<\/span><\/li>\n<li class=\"body\"><span style=\"color: #ffffff;\">Apoyo en la vida cotidiana.<\/span><\/li>\n<li class=\"body\"><span style=\"color: #ffffff;\">Fomento de la propia responsabilidad y fortalecimiento de los recursos personales.<\/span><\/li>\n<li class=\"body\"><span style=\"color: #ffffff;\">Ayuda para la estabilidad ps\u00edquica.<\/span><\/li>\n<li class=\"body\"><span style=\"color: #ffffff;\">Profilaxis de reca\u00eddas.<\/span><\/li>\n<li class=\"body\"><span style=\"color: #ffffff;\">Recuperaci\u00f3n de la autonom\u00eda.<\/span><\/li>\n<li class=\"body\"><span style=\"color: #ffffff;\">Apoyo para la superaci\u00f3n de situaciones traum\u00e1ticas.<\/span><\/li>\n<li class=\"body\"><span style=\"color: #ffffff;\">Ayuda para la autoayuda en asuntos administrativos.<\/span><\/li>\n<li class=\"body\"><span style=\"color: #ffffff;\">Asesoramiento en cuesti\u00f3n de cargas familiares.<\/span><\/li>\n<li class=\"body\"><span style=\"color: #ffffff;\">Enlace y coordinaci\u00f3n con personas involucradas e instituciones (Cl\u00ednicas, servicios m\u00e9dicos y sociales, etc).<\/span><\/li>\n<li class=\"body\"><span style=\"color: #ffffff;\">u.a.m<\/span><\/li>\n<\/ul>\n<p>[\/vc_column_text][vc_empty_space height=\u00bb50px\u00bb][vc_empty_space height=\u00bb50px\u00bb][\/qode_elements_holder_item][\/qode_elements_holder][\/vc_column][\/vc_row][vc_row css_animation=\u00bb\u00bb row_type=\u00bbrow\u00bb use_row_as_full_screen_section=\u00bbno\u00bb type=\u00bbfull_width\u00bb angled_section=\u00bbno\u00bb text_align=\u00bbleft\u00bb background_image_as_pattern=\u00bbwithout_pattern\u00bb css=\u00bb.vc_custom_1620812717183{margin-top: 0px !important;}\u00bb z_index=\u00bb\u00bb][vc_column el_id=\u00bbinformaci\u00f3n\u00bb][qode_elements_holder background_color=\u00bb#eaeaea\u00bb number_of_columns=\u00bbtwo_columns\u00bb columns_proportion=\u00bb66_33&#8243; switch_to_one_column=\u00bb1000&#8243; alignment_one_column=\u00bbleft\u00bb][qode_elements_holder_item advanced_animations=\u00bbno\u00bb item_padding=\u00bb120px 9% 120px 9%\u00bb item_padding_1280_1440=\u00bb50px 9% 50px 9%\u00bb item_padding_1024_1280=\u00bb50px 9% 50px 9%\u00bb item_padding_768_1024=\u00bb50px 9% 50px 9%\u00bb item_padding_600_768=\u00bb50px 9% 50px 9%\u00bb item_padding_480_600=\u00bb50px 9% 50px 9%\u00bb item_padding_480=\u00bb50px 9% 50px 9%\u00bb][vc_empty_space height=\u00bb50px\u00bb][vc_column_text]<\/p>\n<h1>informaci\u00f3n<\/h1>\n<p>[\/vc_column_text][vc_separator type=\u00bbsmall\u00bb position=\u00bbleft\u00bb color=\u00bb#272e46&#8243;][vc_column_text]<\/p>\n<h6>Secreto profesional<\/h6>\n<p>La atenci\u00f3n asistencial est\u00e1 sujeta al secreto profesional.<\/p>\n<p>&nbsp;<\/p>\n<h6>Costes<\/h6>\n<p>El seguro asumir\u00e1 los costes de las prestaciones que son devueltas por disposiciones m\u00e9dicas y asistenciales.<\/p>\n<p>&nbsp;<\/p>\n<h6>Citas y sustituciones<\/h6>\n<p>Las citas se acuerdan por tel\u00e9fono. Se garantiza la asistencia sanitaria constante siempre por parte de la misma persona. En caso de ausencia se dispondr\u00eda de una sustituci\u00f3n.<\/p>\n<p>&nbsp;<\/p>\n<h6>Idiomas<\/h6>\n<p>Alem\u00e1n, espa\u00f1ol, ingl\u00e9s[\/vc_column_text][vc_empty_space height=\u00bb50px\u00bb][\/qode_elements_holder_item][qode_elements_holder_item cover=\u00bbyes\u00bb advanced_animations=\u00bbno\u00bb item_padding=\u00bb20px 9% 30x 9%\u00bb background_image=\u00bb15826&#8243;][vc_empty_space height=\u00bb350px\u00bb][\/qode_elements_holder_item][\/qode_elements_holder][\/vc_column][\/vc_row]<\/p>\n<\/div>","protected":false},"excerpt":{"rendered":"<p>[vc_row css_animation=\u00bb\u00bb row_type=\u00bbrow\u00bb use_row_as_full_screen_section=\u00bbno\u00bb type=\u00bbfull_width\u00bb angled_section=\u00bbno\u00bb text_align=\u00bbleft\u00bb background_image_as_pattern=\u00bbwithout_pattern\u00bb css=\u00bb.vc_custom_1620812717183{margin-top: 0px !important;}\u00bb z_index=\u00bb\u00bb el_id=\u00bbtraumtagebuch\u00bb][vc_column el_id=\u00bb cuidados-psiqui\u00e1tricos-ambulatorios\u00bb][qode_elements_holder background_color=\u00bb#eaeaea\u00bb number_of_columns=\u00bbtwo_columns\u00bb columns_proportion=\u00bb66_33&#8243; switch_to_one_column=\u00bb1000&#8243; alignment_one_column=\u00bbleft\u00bb][qode_elements_holder_item advanced_animations=\u00bbno\u00bb item_padding=\u00bb120px 9% 120px 9%\u00bb item_padding_1280_1440=\u00bb50px 9% 50px 9%\u00bb item_padding_1024_1280=\u00bb50px 9% 50px 9%\u00bb item_padding_768_1024=\u00bb50px 9% 50px 9%\u00bb item_padding_600_768=\u00bb50px 9% 50px 9%\u00bb item_padding_480_600=\u00bb50px 9% 50px 9%\u00bb&#8230;<\/p>\n","protected":false},"author":1,"featured_media":0,"parent":0,"menu_order":0,"comment_status":"closed","ping_status":"closed","template":"full_width.php","meta":{"footnotes":""},"class_list":["post-16241","page","type-page","status-publish","hentry"],"_links":{"self":[{"href":"https:\/\/traumarbeit.org\/es\/wp-json\/wp\/v2\/pages\/16241","targetHints":{"allow":["GET"]}}],"collection":[{"href":"https:\/\/traumarbeit.org\/es\/wp-json\/wp\/v2\/pages"}],"about":[{"href":"https:\/\/traumarbeit.org\/es\/wp-json\/wp\/v2\/types\/page"}],"author":[{"embeddable":true,"href":"https:\/\/traumarbeit.org\/es\/wp-json\/wp\/v2\/users\/1"}],"replies":[{"embeddable":true,"href":"https:\/\/traumarbeit.org\/es\/wp-json\/wp\/v2\/comments?post=16241"}],"version-history":[{"count":5,"href":"https:\/\/traumarbeit.org\/es\/wp-json\/wp\/v2\/pages\/16241\/revisions"}],"predecessor-version":[{"id":16318,"href":"https:\/\/traumarbeit.org\/es\/wp-json\/wp\/v2\/pages\/16241\/revisions\/16318"}],"wp:attachment":[{"href":"https:\/\/traumarbeit.org\/es\/wp-json\/wp\/v2\/media?parent=16241"}],"curies":[{"name":"wp","href":"https:\/\/api.w.org\/{rel}","templated":true}]}}