{"id":16245,"date":"2021-06-08T15:07:30","date_gmt":"2021-06-08T15:07:30","guid":{"rendered":"https:\/\/traumarbeit.org\/?page_id=16245"},"modified":"2021-06-08T15:09:29","modified_gmt":"2021-06-08T15:09:29","slug":"lukas-bauer","status":"publish","type":"page","link":"https:\/\/traumarbeit.org\/es\/lukas-bauer\/","title":{"rendered":"Lukas Bauer"},"content":{"rendered":"<div class=\"wpb-content-wrapper\"><p>[vc_row css_animation=\u00bb\u00bb row_type=\u00bbrow\u00bb use_row_as_full_screen_section=\u00bbno\u00bb type=\u00bbfull_width\u00bb angled_section=\u00bbno\u00bb text_align=\u00bbleft\u00bb background_image_as_pattern=\u00bbwithout_pattern\u00bb css=\u00bb.vc_custom_1620812717183{margin-top: 0px !important;}\u00bb z_index=\u00bb\u00bb el_id=\u00bbtraumtagebuch\u00bb][vc_column el_id=\u00bbtiefenpsychologie\u00bb][qode_elements_holder background_color=\u00bb#eaeaea\u00bb number_of_columns=\u00bbtwo_columns\u00bb columns_proportion=\u00bb66_33&#8243; switch_to_one_column=\u00bb1000&#8243; alignment_one_column=\u00bbleft\u00bb][qode_elements_holder_item advanced_animations=\u00bbno\u00bb item_padding=\u00bb120px 9% 120px 9%\u00bb item_padding_1280_1440=\u00bb50px 9% 50px 9%\u00bb item_padding_1024_1280=\u00bb50px 9% 50px 9%\u00bb item_padding_768_1024=\u00bb50px 9% 50px 9%\u00bb item_padding_600_768=\u00bb50px 9% 50px 9%\u00bb item_padding_480_600=\u00bb50px 9% 50px 9%\u00bb item_padding_480=\u00bb50px 9% 50px 9%\u00bb][vc_empty_space height=\u00bb50px\u00bb][vc_column_text]<\/p>\n<h1>Curriculum vitae<\/h1>\n<h6>Sobre m\u00ed<\/h6>\n<p>[\/vc_column_text][vc_separator type=\u00bbsmall\u00bb position=\u00bbleft\u00bb color=\u00bb#272e46&#8243;][vc_column_text]<\/p>\n<p class=\"body\">Nacido en 1963 en Werl \/Alemania<\/p>\n<p class=\"body\">Formaci\u00f3n para la Diplomatura de Enfermer\u00eda en el St. Franziskus Hospital Flensburg\/ Alemania (1984 &#8211; 1987)<\/p>\n<p class=\"body\">Actividad profesional en diferentes cl\u00ednicas Z\u00fcrich y Basilea\/ Suiza (1988 &#8211; 1997)<\/p>\n<p class=\"body\">Formaci\u00f3n adicional complementaria en Trabajo Corporal Integral (1992)<\/p>\n<p class=\"body\">Estudios de Psicolog\u00eda Profunda y formaci\u00f3n como psicoanalista con Diploma de Analista de Psicolog\u00eda Profunda, Suiza (1990 \u2013 1995).<\/p>\n<p class=\"body\">Consulta propia como Analista y Asesor de Psicolog\u00eda Profunda, especializado en interpretaci\u00f3n de los sue\u00f1os en Basilea, Liebefeld\/ BE y Oberschan\/ SG Suiza (desde 1995)<\/p>\n<p class=\"body\">Profesor der Psicolog\u00eda Profunda an Suiza, Alemania y Espa\u00f1a (1997 hasta 2011)<\/p>\n<p class=\"body\">Conferenciante y guia de seminarios, especializado en interpretaci\u00f3n de sue\u00f1os (1997 &#8211; 2011)<\/p>\n<p class=\"body\">Trabajo como Diplomado en Enfermer\u00eda psiquiatrica en la Cl\u00ednica Beverin del Servicio Psiqui\u00e1trico Graub\u00fcnden (desde 2013)<\/p>\n<p class=\"body\">Participaci\u00f3n en la Direcci\u00f3n de los casos en Cuidados Psiqui\u00e1tricos (desde 2015)<\/p>\n<p class=\"body\">Actividad profesional aut\u00f3noma como Cuidador Psiqui\u00e1trico (desde 2016)<\/p>\n<p class=\"body\">Formaci\u00f3n en el M\u00e9todo de Coaching de la Logos\u00edntesis\u00ae con la titulaci\u00f3n Practitioner Logos\u00edntesis\u00ae, Suiza (2017) y integraci\u00f3n del m\u00e9todo en la consulta psicol\u00f3gica<\/p>\n<p class=\"body\">Conferenciante y guia de seminarios en el tema de la interpretaci\u00f3n de sue\u00f1os (desde 2018)<\/p>\n<p>[\/vc_column_text][vc_empty_space height=\u00bb50px\u00bb][\/qode_elements_holder_item][qode_elements_holder_item cover=\u00bbyes\u00bb advanced_animations=\u00bbno\u00bb item_padding=\u00bb20px 9% 30x 9%\u00bb background_image=\u00bb15841&#8243;][vc_empty_space height=\u00bb350px\u00bb][\/qode_elements_holder_item][\/qode_elements_holder][\/vc_column][\/vc_row][vc_row css_animation=\u00bb\u00bb row_type=\u00bbrow\u00bb use_row_as_full_screen_section=\u00bbno\u00bb type=\u00bbfull_width\u00bb angled_section=\u00bbno\u00bb text_align=\u00bbleft\u00bb background_image_as_pattern=\u00bbwithout_pattern\u00bb css=\u00bb.vc_custom_1620812717183{margin-top: 0px !important;}\u00bb z_index=\u00bb\u00bb][vc_column el_id=\u00bbtraumdeutung\u00bb][qode_elements_holder background_color=\u00bb#eaeaea\u00bb number_of_columns=\u00bbtwo_columns\u00bb columns_proportion=\u00bb33_66&#8243; switch_to_one_column=\u00bb1000&#8243; alignment_one_column=\u00bbleft\u00bb][qode_elements_holder_item cover=\u00bbyes\u00bb advanced_animations=\u00bbno\u00bb item_padding=\u00bb20px 9% 30x 9%\u00bb background_image=\u00bb15677&#8243;][vc_empty_space height=\u00bb350px\u00bb][\/qode_elements_holder_item][qode_elements_holder_item advanced_animations=\u00bbno\u00bb item_padding=\u00bb120px 9% 120px 9%\u00bb background_color=\u00bb#272e46&#8243; item_padding_1280_1440=\u00bb50px 9% 50px 9%\u00bb item_padding_1024_1280=\u00bb50px 9% 50px 9%\u00bb item_padding_768_1024=\u00bb50px 9% 50px 9%\u00bb item_padding_600_768=\u00bb50px 9% 50px 9%\u00bb item_padding_480_600=\u00bb50px 9% 50px 9%\u00bb item_padding_480=\u00bb50px 9% 50px 9%\u00bb][vc_empty_space height=\u00bb50px\u00bb][vc_column_text]<\/p>\n<h1><span style=\"color: #ffffff;\">Filosof\u00eda personal<\/span><\/h1>\n<p>[\/vc_column_text][vc_separator type=\u00bbsmall\u00bb position=\u00bbleft\u00bb color=\u00bb#ffffff\u00bb][vc_column_text]<\/p>\n<p class=\"body\"><span style=\"color: #ffffff;\">Mi forma de pensar y mi trabajo est\u00e1n marcados por una imagen completa del mundo y una imagen global del ser humano, que he podido integrar en base a mi formaci\u00f3n de psicolog\u00eda profunda y mi experiencia.<\/span><\/p>\n<p>&nbsp;<\/p>\n<p class=\"body\"><span style=\"color: #ffffff;\">Para el ser humano, no s\u00f3lo son importantes las leyes que rigen en el mundo exterior, sino que para la salud ps\u00edquica y el bienestar, son de una importancia decisiva las cosas que no son visibles para los ojos exteriores. As\u00ed, la conciencia, con todos sus contenidos conscientes e inconscientes, es a menudo m\u00e1s importante para la felicidad del ser humano y su estado de \u00e1nimo, que las cosas del mundo exterior.<\/span><\/p>\n<p class=\"body\"><span style=\"color: #ffffff;\">Tambi\u00e9n tengo en cuenta en mi trabajo con los clientes las influencias de estados no conscientemente controlados, como por ejemplo en el sue\u00f1o. \u00c9stas son a menudo de gran importancia, pues es mucho lo que sucede sin nuestra participaci\u00f3n consciente, y a pesar de esto, o quiz\u00e1s tambi\u00e9n precisamente por ello, ejerce una mayor influencia.<\/span><\/p>\n<p>&nbsp;<\/p>\n<p class=\"body\"><span style=\"color: #ffffff;\">No debemos olvidarnos tampoco de ocuparnos del tema del sentido de nuestra vida, de nuestra dotaci\u00f3n y de nuestra vocaci\u00f3n, para poder conocer y solucionar de ra\u00edz la causa de una perturbaci\u00f3n o un problema.<\/span><\/p>\n<p class=\"body\"><span style=\"color: #ffffff;\">A causa de ello, tambi\u00e9n tengo en cuenta en mi trabajo la constelaci\u00f3n arquet\u00edpica, la fase de la vida en la que la persona se encuentra, y la imagen arquet\u00edpica que se muestra especialmente en los sue\u00f1os nocturnos, y nos puede proporcionar un profundo saber acerca de la persona que lo sue\u00f1a. No en vano se trata de la relaci\u00f3n de cada ser humano con su esencia divina.<\/span><\/p>\n<p>&nbsp;<\/p>\n<p class=\"body\"><span style=\"color: #ffffff;\">Mi imagen del hombre est\u00e1 marcada por las investigaciones que se han llevado a cabo por los m\u00e1s grandes psic\u00f3logos profundos, y tambi\u00e9n por otras filosof\u00edas que describen y explican la esencia y la naturaleza del ser humano.<\/span><\/p>\n<p>&nbsp;<\/p>\n<p class=\"body\"><span style=\"color: #ffffff;\">Mi lema es: La cabeza es redonda, para que el pensamiento pueda cambiar de direcci\u00f3n.<\/span><\/p>\n<p>&nbsp;<\/p>\n<p class=\"body\"><span style=\"color: #ffffff;\">Conforme a este lema, tengo el profundo convencimiento de que cada ser humano puede cambiar su manera de pensar, superar sus problemas, y configurar su vida de otra manera. Las soluciones para esto est\u00e1n ocultas en nuestro propio interior. Emplear\u00e9 todas mis fuerzas, para ayudarle a que encuentre el acceso a su propio interior, y que invierta su riqueza en su propia vida, y la vida de su entorno.<\/span><\/p>\n<p>[\/vc_column_text][vc_empty_space height=\u00bb50px\u00bb][\/qode_elements_holder_item][\/qode_elements_holder][\/vc_column][\/vc_row]<\/p>\n<\/div>","protected":false},"excerpt":{"rendered":"<p>[vc_row css_animation=\u00bb\u00bb row_type=\u00bbrow\u00bb use_row_as_full_screen_section=\u00bbno\u00bb type=\u00bbfull_width\u00bb angled_section=\u00bbno\u00bb text_align=\u00bbleft\u00bb background_image_as_pattern=\u00bbwithout_pattern\u00bb css=\u00bb.vc_custom_1620812717183{margin-top: 0px !important;}\u00bb z_index=\u00bb\u00bb el_id=\u00bbtraumtagebuch\u00bb][vc_column el_id=\u00bbtiefenpsychologie\u00bb][qode_elements_holder background_color=\u00bb#eaeaea\u00bb number_of_columns=\u00bbtwo_columns\u00bb columns_proportion=\u00bb66_33&#8243; switch_to_one_column=\u00bb1000&#8243; alignment_one_column=\u00bbleft\u00bb][qode_elements_holder_item advanced_animations=\u00bbno\u00bb item_padding=\u00bb120px 9% 120px 9%\u00bb item_padding_1280_1440=\u00bb50px 9% 50px 9%\u00bb item_padding_1024_1280=\u00bb50px 9% 50px 9%\u00bb item_padding_768_1024=\u00bb50px 9% 50px 9%\u00bb item_padding_600_768=\u00bb50px 9% 50px 9%\u00bb item_padding_480_600=\u00bb50px 9% 50px 9%\u00bb item_padding_480=\u00bb50px&#8230;<\/p>\n","protected":false},"author":1,"featured_media":0,"parent":0,"menu_order":0,"comment_status":"closed","ping_status":"closed","template":"full_width.php","meta":{"footnotes":""},"class_list":["post-16245","page","type-page","status-publish","hentry"],"_links":{"self":[{"href":"https:\/\/traumarbeit.org\/es\/wp-json\/wp\/v2\/pages\/16245","targetHints":{"allow":["GET"]}}],"collection":[{"href":"https:\/\/traumarbeit.org\/es\/wp-json\/wp\/v2\/pages"}],"about":[{"href":"https:\/\/traumarbeit.org\/es\/wp-json\/wp\/v2\/types\/page"}],"author":[{"embeddable":true,"href":"https:\/\/traumarbeit.org\/es\/wp-json\/wp\/v2\/users\/1"}],"replies":[{"embeddable":true,"href":"https:\/\/traumarbeit.org\/es\/wp-json\/wp\/v2\/comments?post=16245"}],"version-history":[{"count":3,"href":"https:\/\/traumarbeit.org\/es\/wp-json\/wp\/v2\/pages\/16245\/revisions"}],"predecessor-version":[{"id":16248,"href":"https:\/\/traumarbeit.org\/es\/wp-json\/wp\/v2\/pages\/16245\/revisions\/16248"}],"wp:attachment":[{"href":"https:\/\/traumarbeit.org\/es\/wp-json\/wp\/v2\/media?parent=16245"}],"curies":[{"name":"wp","href":"https:\/\/api.w.org\/{rel}","templated":true}]}}