{"id":16249,"date":"2021-06-09T11:48:36","date_gmt":"2021-06-09T11:48:36","guid":{"rendered":"https:\/\/traumarbeit.org\/?page_id=16249"},"modified":"2021-06-09T11:48:36","modified_gmt":"2021-06-09T11:48:36","slug":"politica-de-privacidad","status":"publish","type":"page","link":"https:\/\/traumarbeit.org\/es\/politica-de-privacidad\/","title":{"rendered":"Pol\u00edtica de privacidad"},"content":{"rendered":"<div class=\"wpb-content-wrapper\"><p>[vc_row css_animation=\u00bb\u00bb row_type=\u00bbrow\u00bb use_row_as_full_screen_section=\u00bbno\u00bb type=\u00bbfull_width\u00bb angled_section=\u00bbno\u00bb text_align=\u00bbleft\u00bb background_image_as_pattern=\u00bbwithout_pattern\u00bb css=\u00bb.vc_custom_1620812717183{margin-top: 0px !important;}\u00bb z_index=\u00bb\u00bb el_id=\u00bbtraumtagebuch\u00bb][vc_column el_id=\u00bbtiefenpsychologie\u00bb][qode_elements_holder background_color=\u00bb#eaeaea\u00bb number_of_columns=\u00bbtwo_columns\u00bb columns_proportion=\u00bb66_33&#8243; switch_to_one_column=\u00bb1000&#8243; alignment_one_column=\u00bbleft\u00bb][qode_elements_holder_item advanced_animations=\u00bbno\u00bb item_padding=\u00bb120px 9% 120px 9%\u00bb item_padding_1280_1440=\u00bb50px 9% 50px 9%\u00bb item_padding_1024_1280=\u00bb50px 9% 50px 9%\u00bb item_padding_768_1024=\u00bb50px 9% 50px 9%\u00bb item_padding_600_768=\u00bb50px 9% 50px 9%\u00bb item_padding_480_600=\u00bb50px 9% 50px 9%\u00bb item_padding_480=\u00bb50px 9% 50px 9%\u00bb][vc_empty_space height=\u00bb50px\u00bb][vc_column_text]<\/p>\n<h1>Pol\u00edtica de privacidad<\/h1>\n<p>[\/vc_column_text][vc_separator type=\u00bbsmall\u00bb position=\u00bbleft\u00bb color=\u00bb#272e46&#8243;][vc_column_text]<\/p>\n<h6>AVISOS LEGALES<\/h6>\n<p>Los enlaces a sitios web de terceros se ofrecen en este sitio web \u00fanicamente como servicio o como referencia. Los proveedores de los respectivos sitios web son responsables de los contenidos a los que se accede mediante enlaces. No se puede garantizar que toda la informaci\u00f3n sea completa, correcta y actualizada en todo momento.<\/p>\n<p>&nbsp;<\/p>\n<h6>DESCARGO DE RESPONSABILIDAD<\/h6>\n<p>El autor se reserva el derecho de no ser responsable de la actualidad, correcci\u00f3n, integridad o calidad de la informaci\u00f3n proporcionada.<\/p>\n<p>Por lo tanto, se rechazar\u00e1n las reclamaciones de responsabilidad relativas a los da\u00f1os causados por el uso de cualquier informaci\u00f3n proporcionada, incluyendo cualquier tipo de informaci\u00f3n que sea incompleta o incorrecta.<\/p>\n<p>Todas las ofertas son sin compromiso. Partes de las p\u00e1ginas o la publicaci\u00f3n completa, incluyendo todas las ofertas e informaci\u00f3n, pueden ser ampliadas, modificadas o suprimidas parcial o totalmente por el autor sin previo aviso.<\/p>\n<p>&nbsp;<\/p>\n<h6>RESPONSABILIDAD DE LOS ENLACES<\/h6>\n<p>Las referencias y los enlaces a sitios web de terceros est\u00e1n fuera de nuestra responsabilidad. Se rechaza cualquier responsabilidad sobre dichos sitios web. El acceso y la utilizaci\u00f3n de estos sitios web se realiza por cuenta y riesgo del usuario.<\/p>\n<p>&nbsp;<\/p>\n<h6>DERECHOS DE AUTOR<\/h6>\n<p>Los derechos de autor y todos los dem\u00e1s derechos sobre el contenido, las im\u00e1genes, las fotos u otros archivos del sitio web pertenecen exclusivamente a traumarbeit.org o a los titulares de los derechos espec\u00edficamente mencionados. Para la reproducci\u00f3n de cualquier elemento debe obtenerse previamente la autorizaci\u00f3n por escrito de los titulares de los derechos de autor.<\/p>\n<p>&nbsp;<\/p>\n<h6>PROTECCI\u00d3N DE DATOS<\/h6>\n<p>Bas\u00e1ndose en el art\u00edculo 13 de la Constituci\u00f3n Federal Suiza y en la normativa federal de protecci\u00f3n de datos (Ley de Protecci\u00f3n de Datos, DSG), toda persona tiene derecho a la protecci\u00f3n de su intimidad, as\u00ed como a la protecci\u00f3n contra el uso indebido de sus datos personales. Cumplimos estas disposiciones. Los datos personales se tratan de forma estrictamente confidencial y no se venden ni ceden a terceros.<\/p>\n<p>En estrecha colaboraci\u00f3n con nuestros proveedores de alojamiento, nos esforzamos por proteger las bases de datos lo mejor posible contra el acceso no autorizado, la p\u00e9rdida, el uso indebido o la falsificaci\u00f3n.<\/p>\n<p>Cuando usted accede a nuestras p\u00e1ginas web, los siguientes datos se almacenan en archivos de registro: Direcci\u00f3n IP, fecha, hora, solicitud del navegador e informaci\u00f3n general transmitida sobre el sistema operativo o el navegador. Estos datos de uso constituyen la base de evaluaciones estad\u00edsticas an\u00f3nimas que permiten identificar tendencias que podemos utilizar para mejorar nuestras ofertas.<\/p>\n<p>&nbsp;<\/p>\n<h6>COOKIES<\/h6>\n<p>Este sitio web utiliza cookies. Se trata de peque\u00f1os archivos de texto que se almacenan en su dispositivo terminal. Su navegador accede a estos archivos. El uso de cookies aumenta la facilidad de uso y la seguridad de este sitio web.<\/p>\n<p>Los navegadores actuales ofrecen la opci\u00f3n de no permitir las cookies. Nota: No se garantiza que pueda acceder a todas las funciones de este sitio web sin restricciones si realiza los ajustes adecuados.[\/vc_column_text][vc_empty_space height=\u00bb50px\u00bb][\/qode_elements_holder_item][qode_elements_holder_item cover=\u00bbyes\u00bb advanced_animations=\u00bbno\u00bb item_padding=\u00bb20px 9% 30x 9%\u00bb background_image=\u00bb15761&#8243;][vc_empty_space height=\u00bb350px\u00bb][\/qode_elements_holder_item][\/qode_elements_holder][\/vc_column][\/vc_row]<\/p>\n<\/div>","protected":false},"excerpt":{"rendered":"<p>[vc_row css_animation=\u00bb\u00bb row_type=\u00bbrow\u00bb use_row_as_full_screen_section=\u00bbno\u00bb type=\u00bbfull_width\u00bb angled_section=\u00bbno\u00bb text_align=\u00bbleft\u00bb background_image_as_pattern=\u00bbwithout_pattern\u00bb css=\u00bb.vc_custom_1620812717183{margin-top: 0px !important;}\u00bb z_index=\u00bb\u00bb el_id=\u00bbtraumtagebuch\u00bb][vc_column el_id=\u00bbtiefenpsychologie\u00bb][qode_elements_holder background_color=\u00bb#eaeaea\u00bb number_of_columns=\u00bbtwo_columns\u00bb columns_proportion=\u00bb66_33&#8243; switch_to_one_column=\u00bb1000&#8243; alignment_one_column=\u00bbleft\u00bb][qode_elements_holder_item advanced_animations=\u00bbno\u00bb item_padding=\u00bb120px 9% 120px 9%\u00bb item_padding_1280_1440=\u00bb50px 9% 50px 9%\u00bb item_padding_1024_1280=\u00bb50px 9% 50px 9%\u00bb item_padding_768_1024=\u00bb50px 9% 50px 9%\u00bb item_padding_600_768=\u00bb50px 9% 50px 9%\u00bb item_padding_480_600=\u00bb50px 9% 50px 9%\u00bb item_padding_480=\u00bb50px&#8230;<\/p>\n","protected":false},"author":1,"featured_media":0,"parent":0,"menu_order":0,"comment_status":"closed","ping_status":"closed","template":"full_width.php","meta":{"footnotes":""},"class_list":["post-16249","page","type-page","status-publish","hentry"],"_links":{"self":[{"href":"https:\/\/traumarbeit.org\/es\/wp-json\/wp\/v2\/pages\/16249","targetHints":{"allow":["GET"]}}],"collection":[{"href":"https:\/\/traumarbeit.org\/es\/wp-json\/wp\/v2\/pages"}],"about":[{"href":"https:\/\/traumarbeit.org\/es\/wp-json\/wp\/v2\/types\/page"}],"author":[{"embeddable":true,"href":"https:\/\/traumarbeit.org\/es\/wp-json\/wp\/v2\/users\/1"}],"replies":[{"embeddable":true,"href":"https:\/\/traumarbeit.org\/es\/wp-json\/wp\/v2\/comments?post=16249"}],"version-history":[{"count":1,"href":"https:\/\/traumarbeit.org\/es\/wp-json\/wp\/v2\/pages\/16249\/revisions"}],"predecessor-version":[{"id":16250,"href":"https:\/\/traumarbeit.org\/es\/wp-json\/wp\/v2\/pages\/16249\/revisions\/16250"}],"wp:attachment":[{"href":"https:\/\/traumarbeit.org\/es\/wp-json\/wp\/v2\/media?parent=16249"}],"curies":[{"name":"wp","href":"https:\/\/api.w.org\/{rel}","templated":true}]}}