{"id":17257,"date":"2023-03-08T13:54:08","date_gmt":"2023-03-08T12:54:08","guid":{"rendered":"https:\/\/traumarbeit.org\/?page_id=17257"},"modified":"2023-03-14T10:18:11","modified_gmt":"2023-03-14T09:18:11","slug":"home-neu","status":"publish","type":"page","link":"https:\/\/traumarbeit.org\/es\/","title":{"rendered":"Inicio Nuevo"},"content":{"rendered":"\t\t<div data-elementor-type=\"wp-page\" data-elementor-id=\"17257\" class=\"elementor elementor-17257 elementor-17161\" data-elementor-post-type=\"page\">\n\t\t\t\t\t\t<section class=\"elementor-section elementor-top-section elementor-element elementor-element-1b2582c elementor-section-full_width elementor-section-height-default elementor-section-height-default\" data-id=\"1b2582c\" data-element_type=\"section\">\n\t\t\t\t\t\t<div class=\"elementor-container elementor-column-gap-default\">\n\t\t\t\t\t<div class=\"elementor-column elementor-col-100 elementor-top-column elementor-element elementor-element-0787482\" data-id=\"0787482\" data-element_type=\"column\">\n\t\t\t<div class=\"elementor-widget-wrap elementor-element-populated\">\n\t\t\t\t\t\t\t<\/div>\n\t\t<\/div>\n\t\t\t\t\t<\/div>\n\t\t<\/section>\n\t\t\t\t<section class=\"elementor-section elementor-top-section elementor-element elementor-element-6985d4d elementor-section-full_width elementor-section-height-default elementor-section-height-default\" data-id=\"6985d4d\" data-element_type=\"section\">\n\t\t\t\t\t\t<div class=\"elementor-container elementor-column-gap-default\">\n\t\t\t\t\t<div class=\"elementor-column elementor-col-33 elementor-top-column elementor-element elementor-element-479d9b6\" data-id=\"479d9b6\" data-element_type=\"column\" data-settings=\"{&quot;background_background&quot;:&quot;classic&quot;}\">\n\t\t\t<div class=\"elementor-widget-wrap elementor-element-populated\">\n\t\t\t\t\t\t<div class=\"elementor-element elementor-element-46cffac elementor-widget elementor-widget-spacer\" data-id=\"46cffac\" data-element_type=\"widget\" data-widget_type=\"spacer.default\">\n\t\t\t\t<div class=\"elementor-widget-container\">\n\t\t\t\t\t\t\t<div class=\"elementor-spacer\">\n\t\t\t<div class=\"elementor-spacer-inner\"><\/div>\n\t\t<\/div>\n\t\t\t\t\t\t<\/div>\n\t\t\t\t<\/div>\n\t\t\t\t<div class=\"elementor-element elementor-element-54c6cc7 elementor-widget elementor-widget-text-editor\" data-id=\"54c6cc7\" data-element_type=\"widget\" data-widget_type=\"text-editor.default\">\n\t\t\t\t<div class=\"elementor-widget-container\">\n\t\t\t\t\t\t\t\t\t<h1><strong>Descubre el significado de tus sue\u00f1os<\/strong><\/h1><div class=\"separator small left\" style=\"background-color: #272e46;\">\u00a0<\/div><div class=\"wpb_text_column wpb_content_element \"><div class=\"wpb_wrapper\"><p>Cualquier persona tiene alguna vez sue\u00f1os que le conmueven o pesadillas o sue\u00f1os repetitivos que merece la pena entender.<\/p><p>Es muy valioso asomarse al significado de los sue\u00f1os mediante una interpretaci\u00f3n profesional, a\u00fan sin continuidad, puede abrir nuevas perspectivas en tu vida.<\/p><p>\u00a0<\/p><\/div><\/div><p><a class=\"qbutton default\" href=\"https:\/\/traumarbeit.org\/es\/interpretacion-de-los-suenos\/\" target=\"_self\">m\u00e1s sobre la interpretaci\u00f3n de los sue\u00f1os<\/a><\/p>\t\t\t\t\t\t\t\t<\/div>\n\t\t\t\t<\/div>\n\t\t\t\t<div class=\"elementor-element elementor-element-cfa81dc elementor-widget elementor-widget-spacer\" data-id=\"cfa81dc\" data-element_type=\"widget\" data-widget_type=\"spacer.default\">\n\t\t\t\t<div class=\"elementor-widget-container\">\n\t\t\t\t\t\t\t<div class=\"elementor-spacer\">\n\t\t\t<div class=\"elementor-spacer-inner\"><\/div>\n\t\t<\/div>\n\t\t\t\t\t\t<\/div>\n\t\t\t\t<\/div>\n\t\t\t\t\t<\/div>\n\t\t<\/div>\n\t\t\t\t<div class=\"elementor-column elementor-col-33 elementor-top-column elementor-element elementor-element-05e5b35\" data-id=\"05e5b35\" data-element_type=\"column\" data-settings=\"{&quot;background_background&quot;:&quot;slideshow&quot;,&quot;background_slideshow_gallery&quot;:[{&quot;id&quot;:15669,&quot;url&quot;:&quot;https:\\\/\\\/traumarbeit.org\\\/wp-content\\\/uploads\\\/2021\\\/05\\\/sea-3652697_1920.jpg&quot;}],&quot;background_slideshow_loop&quot;:&quot;yes&quot;,&quot;background_slideshow_slide_duration&quot;:5000,&quot;background_slideshow_slide_transition&quot;:&quot;fade&quot;,&quot;background_slideshow_transition_duration&quot;:500}\">\n\t\t\t<div class=\"elementor-widget-wrap\">\n\t\t\t\t\t\t\t<\/div>\n\t\t<\/div>\n\t\t\t\t<div class=\"elementor-column elementor-col-33 elementor-top-column elementor-element elementor-element-3aa2a99\" data-id=\"3aa2a99\" data-element_type=\"column\" data-settings=\"{&quot;background_background&quot;:&quot;classic&quot;}\">\n\t\t\t<div class=\"elementor-widget-wrap elementor-element-populated\">\n\t\t\t\t\t\t<div class=\"elementor-element elementor-element-08883a5 elementor-widget elementor-widget-spacer\" data-id=\"08883a5\" data-element_type=\"widget\" data-widget_type=\"spacer.default\">\n\t\t\t\t<div class=\"elementor-widget-container\">\n\t\t\t\t\t\t\t<div class=\"elementor-spacer\">\n\t\t\t<div class=\"elementor-spacer-inner\"><\/div>\n\t\t<\/div>\n\t\t\t\t\t\t<\/div>\n\t\t\t\t<\/div>\n\t\t\t\t<div class=\"elementor-element elementor-element-7c70aca elementor-widget elementor-widget-text-editor\" data-id=\"7c70aca\" data-element_type=\"widget\" data-widget_type=\"text-editor.default\">\n\t\t\t\t<div class=\"elementor-widget-container\">\n\t\t\t\t\t\t\t\t\t<h1 style=\"color: white;\"><span style=\"color: #ffffff;\">Sesiones individuales con Lukas Bauer<\/span><\/h1><div class=\"separator small left \">\u00a0<\/div><div style=\"color: white;\"><p><span style=\"color: #ffffff;\">Lukas Bauer es Terapeuta e int\u00e9rprete de sue\u00f1os con d\u00e9cadas de experiencia en su consulta y en cl\u00ednicas psiqui\u00e1tricas, tanto con personas enfermas como con sanas que buscan su desarrollo personal.<\/span><\/p><p><span style=\"color: #ffffff;\">\u00a0<\/span><\/p><p><span style=\"color: #ffffff;\">Esta dilatada experiencia y su s\u00f3lida formaci\u00f3n en Psicolog\u00eda Profunda e Interpretaci\u00f3n de S\u00edmbolos y Sue\u00f1os te apoyan para elaborar el sentido de tu sue\u00f1o y entrar en los temas que surjan de ello.<\/span><\/p><p><span style=\"color: #ffffff;\">\u00a0<\/span><\/p><\/div><div class=\"vc_empty_space\">\u00a0<\/div><p><a class=\"qbutton white default\" href=\"https:\/\/traumarbeit.org\/es\/reservar-cita\/\" target=\"_self\">reservar cita<\/a><\/p><div>\u00a0<\/div><div>\u00a0<\/div>\t\t\t\t\t\t\t\t<\/div>\n\t\t\t\t<\/div>\n\t\t\t\t<div class=\"elementor-element elementor-element-bc51e6e elementor-widget elementor-widget-spacer\" data-id=\"bc51e6e\" data-element_type=\"widget\" data-widget_type=\"spacer.default\">\n\t\t\t\t<div class=\"elementor-widget-container\">\n\t\t\t\t\t\t\t<div class=\"elementor-spacer\">\n\t\t\t<div class=\"elementor-spacer-inner\"><\/div>\n\t\t<\/div>\n\t\t\t\t\t\t<\/div>\n\t\t\t\t<\/div>\n\t\t\t\t\t<\/div>\n\t\t<\/div>\n\t\t\t\t\t<\/div>\n\t\t<\/section>\n\t\t\t\t<section class=\"elementor-section elementor-top-section elementor-element elementor-element-c0ed0b9 elementor-section-full_width elementor-section-height-default elementor-section-height-default\" data-id=\"c0ed0b9\" data-element_type=\"section\">\n\t\t\t\t\t\t<div class=\"elementor-container elementor-column-gap-default\">\n\t\t\t\t\t<div class=\"elementor-column elementor-col-33 elementor-top-column elementor-element elementor-element-399f3a0\" data-id=\"399f3a0\" data-element_type=\"column\" data-settings=\"{&quot;background_background&quot;:&quot;slideshow&quot;,&quot;background_slideshow_gallery&quot;:[{&quot;id&quot;:15539,&quot;url&quot;:&quot;https:\\\/\\\/traumarbeit.org\\\/wp-content\\\/uploads\\\/2021\\\/05\\\/mountain-547363_1920.jpg&quot;}],&quot;background_slideshow_loop&quot;:&quot;yes&quot;,&quot;background_slideshow_slide_duration&quot;:5000,&quot;background_slideshow_slide_transition&quot;:&quot;fade&quot;,&quot;background_slideshow_transition_duration&quot;:500}\">\n\t\t\t<div class=\"elementor-widget-wrap\">\n\t\t\t\t\t\t\t<\/div>\n\t\t<\/div>\n\t\t\t\t<div class=\"elementor-column elementor-col-33 elementor-top-column elementor-element elementor-element-4486895\" data-id=\"4486895\" data-element_type=\"column\" data-settings=\"{&quot;background_background&quot;:&quot;classic&quot;}\">\n\t\t\t<div class=\"elementor-widget-wrap elementor-element-populated\">\n\t\t\t\t\t\t<div class=\"elementor-element elementor-element-ff4b699 elementor-widget elementor-widget-spacer\" data-id=\"ff4b699\" data-element_type=\"widget\" data-widget_type=\"spacer.default\">\n\t\t\t\t<div class=\"elementor-widget-container\">\n\t\t\t\t\t\t\t<div class=\"elementor-spacer\">\n\t\t\t<div class=\"elementor-spacer-inner\"><\/div>\n\t\t<\/div>\n\t\t\t\t\t\t<\/div>\n\t\t\t\t<\/div>\n\t\t\t\t<div class=\"elementor-element elementor-element-9041739 elementor-widget elementor-widget-text-editor\" data-id=\"9041739\" data-element_type=\"widget\" data-widget_type=\"text-editor.default\">\n\t\t\t\t<div class=\"elementor-widget-container\">\n\t\t\t\t\t\t\t\t\t<h1><strong>Oferta de eventos y sesiones de ter\u00e1pia presenciales<\/strong><\/h1><div class=\"separator small left \" style=\"background-color: #272e46;\">\u00a0<\/div><div class=\"wpb_text_column wpb_content_element \"><div class=\"wpb_wrapper\"><div class=\"wpb_text_column wpb_content_element \"><div class=\"wpb_wrapper\"><p>Ofrezco sesiones individuales, conferencias, talleres y seminarios, as\u00ed como supervisi\u00f3n en distintos lugares segun la demanda.\u00a0 Podr\u00e1n tener lugar en tu domicilio, tu empresa, tu centro de estudios o donde m\u00e1s te interese dependiendo de las posibilidades de desplazamiento.<\/p><p>Cons\u00falteme las condiciones y posibilidades via mail.<\/p><p>\u00a0<\/p><p>\u00a0<\/p><\/div><\/div><\/div><\/div><div><div>\u00a0<\/div><\/div><p><a class=\"qbutton default\" href=\"https:\/\/traumarbeit.org\/es\/nuestros-eventos\/\" target=\"_self\">eventos<\/a><\/p>\t\t\t\t\t\t\t\t<\/div>\n\t\t\t\t<\/div>\n\t\t\t\t<div class=\"elementor-element elementor-element-25bc75f elementor-widget elementor-widget-spacer\" data-id=\"25bc75f\" data-element_type=\"widget\" data-widget_type=\"spacer.default\">\n\t\t\t\t<div class=\"elementor-widget-container\">\n\t\t\t\t\t\t\t<div class=\"elementor-spacer\">\n\t\t\t<div class=\"elementor-spacer-inner\"><\/div>\n\t\t<\/div>\n\t\t\t\t\t\t<\/div>\n\t\t\t\t<\/div>\n\t\t\t\t\t<\/div>\n\t\t<\/div>\n\t\t\t\t<div class=\"elementor-column elementor-col-33 elementor-top-column elementor-element elementor-element-5d01083\" data-id=\"5d01083\" data-element_type=\"column\" data-settings=\"{&quot;background_background&quot;:&quot;classic&quot;}\">\n\t\t\t<div class=\"elementor-widget-wrap elementor-element-populated\">\n\t\t\t\t\t\t<div class=\"elementor-element elementor-element-239802c elementor-widget elementor-widget-spacer\" data-id=\"239802c\" data-element_type=\"widget\" data-widget_type=\"spacer.default\">\n\t\t\t\t<div class=\"elementor-widget-container\">\n\t\t\t\t\t\t\t<div class=\"elementor-spacer\">\n\t\t\t<div class=\"elementor-spacer-inner\"><\/div>\n\t\t<\/div>\n\t\t\t\t\t\t<\/div>\n\t\t\t\t<\/div>\n\t\t\t\t<div class=\"elementor-element elementor-element-f0ef34c elementor-widget elementor-widget-text-editor\" data-id=\"f0ef34c\" data-element_type=\"widget\" data-widget_type=\"text-editor.default\">\n\t\t\t\t<div class=\"elementor-widget-container\">\n\t\t\t\t\t\t\t\t\t<h1><strong>Disponible online<\/strong><\/h1><div class=\"separator small left\" style=\"background-color: #272e46;\">\u00a0<\/div><div class=\"wpb_text_column wpb_content_element \"><div class=\"wpb_wrapper\"><div class=\"wpb_text_column wpb_content_element \"><div class=\"wpb_wrapper\"><p>Todas mis ofertas estan disponible de manera online sin tener que desplazarse.<\/p><p>\u00a0<\/p><p>Usamos las plataformas skype o zoom.<\/p><p>\u00a0<\/p><p>Consultando el calendario se ver\u00e1 la disponibilidad de ofertas en diferentes idiomas.<\/p><p>\u00a0<\/p><p>\u00a0<\/p><\/div><\/div><\/div><\/div><p><a class=\"qbutton default\" href=\"https:\/\/traumarbeit.org\/es\/nuestros-eventos\/\" target=\"_self\">eventos<\/a><\/p>\t\t\t\t\t\t\t\t<\/div>\n\t\t\t\t<\/div>\n\t\t\t\t<div class=\"elementor-element elementor-element-86344d2 elementor-widget elementor-widget-spacer\" data-id=\"86344d2\" data-element_type=\"widget\" data-widget_type=\"spacer.default\">\n\t\t\t\t<div class=\"elementor-widget-container\">\n\t\t\t\t\t\t\t<div class=\"elementor-spacer\">\n\t\t\t<div class=\"elementor-spacer-inner\"><\/div>\n\t\t<\/div>\n\t\t\t\t\t\t<\/div>\n\t\t\t\t<\/div>\n\t\t\t\t\t<\/div>\n\t\t<\/div>\n\t\t\t\t\t<\/div>\n\t\t<\/section>\n\t\t\t\t<section class=\"elementor-section elementor-top-section elementor-element elementor-element-dbd8eed elementor-section-full_width elementor-section-height-default elementor-section-height-default\" data-id=\"dbd8eed\" data-element_type=\"section\">\n\t\t\t\t\t\t<div class=\"elementor-container elementor-column-gap-default\">\n\t\t\t\t\t<div class=\"elementor-column elementor-col-33 elementor-top-column elementor-element elementor-element-689a93c\" data-id=\"689a93c\" data-element_type=\"column\" data-settings=\"{&quot;background_background&quot;:&quot;classic&quot;}\">\n\t\t\t<div class=\"elementor-widget-wrap elementor-element-populated\">\n\t\t\t\t\t\t<div class=\"elementor-element elementor-element-32ea645 elementor-widget elementor-widget-spacer\" data-id=\"32ea645\" data-element_type=\"widget\" data-widget_type=\"spacer.default\">\n\t\t\t\t<div class=\"elementor-widget-container\">\n\t\t\t\t\t\t\t<div class=\"elementor-spacer\">\n\t\t\t<div class=\"elementor-spacer-inner\"><\/div>\n\t\t<\/div>\n\t\t\t\t\t\t<\/div>\n\t\t\t\t<\/div>\n\t\t\t\t<div class=\"elementor-element elementor-element-e0a9fef elementor-widget elementor-widget-text-editor\" data-id=\"e0a9fef\" data-element_type=\"widget\" data-widget_type=\"text-editor.default\">\n\t\t\t\t<div class=\"elementor-widget-container\">\n\t\t\t\t\t\t\t\t\t<h1><strong>Supervisi<\/strong>\u00f3n para m\u00e9dicos, psic\u00f3logos u otros terapeutas<\/h1><div class=\"separator small left \" style=\"background-color: #272e46;\">\u00a0<\/div><div class=\"wpb_text_column wpb_content_element \"><div class=\"wpb_wrapper\"><div class=\"wpb_text_column wpb_content_element \"><div class=\"wpb_wrapper\">Supervisi\u00f3n profesional sirve para terapeutas que quieren entender el significado de los sue\u00f1os de sus clientes sin que tengan formaci\u00f3n en ello. De esa manera pueden incluir el trabajo con los sue\u00f1os en su tratamiento.<\/div><div class=\"wpb_wrapper\">\u00a0<\/div><\/div><div class=\"vc_empty_space\">\u00a0<\/div><p><a class=\"qbutton default\" href=\"https:\/\/traumarbeit.org\/es\/reservar-cita\/\" target=\"_self\">reservar cita<\/a><\/p><\/div><\/div>\t\t\t\t\t\t\t\t<\/div>\n\t\t\t\t<\/div>\n\t\t\t\t<div class=\"elementor-element elementor-element-bfebd16 elementor-widget elementor-widget-spacer\" data-id=\"bfebd16\" data-element_type=\"widget\" data-widget_type=\"spacer.default\">\n\t\t\t\t<div class=\"elementor-widget-container\">\n\t\t\t\t\t\t\t<div class=\"elementor-spacer\">\n\t\t\t<div class=\"elementor-spacer-inner\"><\/div>\n\t\t<\/div>\n\t\t\t\t\t\t<\/div>\n\t\t\t\t<\/div>\n\t\t\t\t\t<\/div>\n\t\t<\/div>\n\t\t\t\t<div class=\"elementor-column elementor-col-33 elementor-top-column elementor-element elementor-element-65661a5\" data-id=\"65661a5\" data-element_type=\"column\" data-settings=\"{&quot;background_background&quot;:&quot;slideshow&quot;,&quot;background_slideshow_gallery&quot;:[{&quot;id&quot;:15776,&quot;url&quot;:&quot;https:\\\/\\\/traumarbeit.org\\\/wp-content\\\/uploads\\\/2021\\\/05\\\/hilly-2572197_1920.jpg&quot;}],&quot;background_slideshow_loop&quot;:&quot;yes&quot;,&quot;background_slideshow_slide_duration&quot;:5000,&quot;background_slideshow_slide_transition&quot;:&quot;fade&quot;,&quot;background_slideshow_transition_duration&quot;:500}\">\n\t\t\t<div class=\"elementor-widget-wrap\">\n\t\t\t\t\t\t\t<\/div>\n\t\t<\/div>\n\t\t\t\t<div class=\"elementor-column elementor-col-33 elementor-top-column elementor-element elementor-element-f53813e\" data-id=\"f53813e\" data-element_type=\"column\" data-settings=\"{&quot;background_background&quot;:&quot;classic&quot;}\">\n\t\t\t<div class=\"elementor-widget-wrap elementor-element-populated\">\n\t\t\t\t\t\t<div class=\"elementor-element elementor-element-43b429b elementor-widget elementor-widget-spacer\" data-id=\"43b429b\" data-element_type=\"widget\" data-widget_type=\"spacer.default\">\n\t\t\t\t<div class=\"elementor-widget-container\">\n\t\t\t\t\t\t\t<div class=\"elementor-spacer\">\n\t\t\t<div class=\"elementor-spacer-inner\"><\/div>\n\t\t<\/div>\n\t\t\t\t\t\t<\/div>\n\t\t\t\t<\/div>\n\t\t\t\t<div class=\"elementor-element elementor-element-52e9493 elementor-widget elementor-widget-text-editor\" data-id=\"52e9493\" data-element_type=\"widget\" data-widget_type=\"text-editor.default\">\n\t\t\t\t<div class=\"elementor-widget-container\">\n\t\t\t\t\t\t\t\t\t<h1 style=\"color: white;\"><span style=\"color: #ffffff;\">El sue\u00f1o del mes<\/span><\/h1><div class=\"separator small left \">\u00a0<\/div><div style=\"color: white;\"><p><span style=\"color: #ffffff;\">Cada mes exponemos un nuevo sue\u00f1o y su significado para el so\u00f1ador.<\/span><\/p><p><span style=\"color: #ffffff;\">Esas interpretaciones y la descripci\u00f3n del trabajo terap\u00e9utico muestran claramente la trascendencia que pueden llegar a adquirir los sue\u00f1os que tenemos durante la noche.ajo terap\u00e9utico muestran claramente la trascendencia que pueden llegar a adquirir los sue\u00f1os que tenemos durante la noche.<\/span><\/p><p><span style=\"color: #ffffff;\">\u00a0<\/span><\/p><p><span style=\"color: #ffffff;\">\u00a0<\/span><\/p><\/div><p><a class=\"qbutton white default\" href=\"https:\/\/traumarbeit.org\/es\/el-sueno-del-mes\/\" target=\"_self\">sue\u00f1o del mes<\/a><\/p><div>\u00a0<\/div><div>\u00a0<\/div><div id=\"simple-translate\" class=\"simple-translate-system-theme\"><div><div class=\"simple-translate-button isShow\" style=\"background-image: url('moz-extension:\/\/e746f4f3-bb77-470f-9da1-ce30bfc513c6\/icons\/512.png'); height: 22px; width: 22px; top: 43px; left: -22px;\">\u00a0<\/div><div class=\"simple-translate-panel \" style=\"width: 300px; height: 200px; top: 0px; left: 0px; font-size: 13px;\"><div class=\"simple-translate-result-wrapper\" style=\"overflow: hidden;\"><div class=\"simple-translate-move\" draggable=\"true\">\u00a0<\/div><div class=\"simple-translate-result-contents\"><p class=\"simple-translate-result\" dir=\"auto\">\u00a0<\/p><p class=\"simple-translate-candidate\" dir=\"auto\">\u00a0<\/p><\/div><\/div><\/div><\/div><\/div>\t\t\t\t\t\t\t\t<\/div>\n\t\t\t\t<\/div>\n\t\t\t\t<div class=\"elementor-element elementor-element-f22edac elementor-widget elementor-widget-spacer\" data-id=\"f22edac\" data-element_type=\"widget\" data-widget_type=\"spacer.default\">\n\t\t\t\t<div class=\"elementor-widget-container\">\n\t\t\t\t\t\t\t<div class=\"elementor-spacer\">\n\t\t\t<div class=\"elementor-spacer-inner\"><\/div>\n\t\t<\/div>\n\t\t\t\t\t\t<\/div>\n\t\t\t\t<\/div>\n\t\t\t\t\t<\/div>\n\t\t<\/div>\n\t\t\t\t\t<\/div>\n\t\t<\/section>\n\t\t\t\t<section class=\"elementor-section elementor-top-section elementor-element elementor-element-baba253 elementor-section-full_width elementor-section-height-default elementor-section-height-default\" data-id=\"baba253\" data-element_type=\"section\">\n\t\t\t\t\t\t<div class=\"elementor-container elementor-column-gap-default\">\n\t\t\t\t\t<div class=\"elementor-column elementor-col-33 elementor-top-column elementor-element elementor-element-231b3d9\" data-id=\"231b3d9\" data-element_type=\"column\" data-settings=\"{&quot;background_background&quot;:&quot;slideshow&quot;,&quot;background_slideshow_gallery&quot;:[{&quot;id&quot;:15549,&quot;url&quot;:&quot;https:\\\/\\\/traumarbeit.org\\\/wp-content\\\/uploads\\\/2021\\\/05\\\/sunbeams-1547273_1920.jpg&quot;}],&quot;background_slideshow_loop&quot;:&quot;yes&quot;,&quot;background_slideshow_slide_duration&quot;:5000,&quot;background_slideshow_slide_transition&quot;:&quot;fade&quot;,&quot;background_slideshow_transition_duration&quot;:500}\">\n\t\t\t<div class=\"elementor-widget-wrap\">\n\t\t\t\t\t\t\t<\/div>\n\t\t<\/div>\n\t\t\t\t<div class=\"elementor-column elementor-col-33 elementor-top-column elementor-element elementor-element-47cdfc9\" data-id=\"47cdfc9\" data-element_type=\"column\" data-settings=\"{&quot;background_background&quot;:&quot;classic&quot;}\">\n\t\t\t<div class=\"elementor-widget-wrap elementor-element-populated\">\n\t\t\t\t\t\t<div class=\"elementor-element elementor-element-ee6f963 elementor-widget elementor-widget-spacer\" data-id=\"ee6f963\" data-element_type=\"widget\" data-widget_type=\"spacer.default\">\n\t\t\t\t<div class=\"elementor-widget-container\">\n\t\t\t\t\t\t\t<div class=\"elementor-spacer\">\n\t\t\t<div class=\"elementor-spacer-inner\"><\/div>\n\t\t<\/div>\n\t\t\t\t\t\t<\/div>\n\t\t\t\t<\/div>\n\t\t\t\t<div class=\"elementor-element elementor-element-2cda5ce elementor-widget elementor-widget-text-editor\" data-id=\"2cda5ce\" data-element_type=\"widget\" data-widget_type=\"text-editor.default\">\n\t\t\t\t<div class=\"elementor-widget-container\">\n\t\t\t\t\t\t\t\t\t<h1>Noticias<\/h1><div class=\"separator small left\" style=\"background-color: #272e46;\">\u00a0<\/div><div><p>Noticias de actividades, congresos, etc. sobre el tema de los sue\u00f1os y la elaboraci\u00f3n de s\u00edmbolos.<\/p><p>\u00a0<\/p><\/div><p><a class=\"qbutton default\" href=\"https:\/\/traumarbeit.org\/es\/noticias-blog\/\" target=\"_self\">noticias \/ blog<\/a><\/p>\t\t\t\t\t\t\t\t<\/div>\n\t\t\t\t<\/div>\n\t\t\t\t<div class=\"elementor-element elementor-element-99fcc82 elementor-widget elementor-widget-spacer\" data-id=\"99fcc82\" data-element_type=\"widget\" data-widget_type=\"spacer.default\">\n\t\t\t\t<div class=\"elementor-widget-container\">\n\t\t\t\t\t\t\t<div class=\"elementor-spacer\">\n\t\t\t<div class=\"elementor-spacer-inner\"><\/div>\n\t\t<\/div>\n\t\t\t\t\t\t<\/div>\n\t\t\t\t<\/div>\n\t\t\t\t\t<\/div>\n\t\t<\/div>\n\t\t\t\t<div class=\"elementor-column elementor-col-33 elementor-top-column elementor-element elementor-element-f4e40d7\" data-id=\"f4e40d7\" data-element_type=\"column\" data-settings=\"{&quot;background_background&quot;:&quot;gradient&quot;}\">\n\t\t\t<div class=\"elementor-widget-wrap elementor-element-populated\">\n\t\t\t\t\t\t<div class=\"elementor-element elementor-element-a7727a6 elementor-widget elementor-widget-spacer\" data-id=\"a7727a6\" data-element_type=\"widget\" data-widget_type=\"spacer.default\">\n\t\t\t\t<div class=\"elementor-widget-container\">\n\t\t\t\t\t\t\t<div class=\"elementor-spacer\">\n\t\t\t<div class=\"elementor-spacer-inner\"><\/div>\n\t\t<\/div>\n\t\t\t\t\t\t<\/div>\n\t\t\t\t<\/div>\n\t\t\t\t<div class=\"elementor-element elementor-element-ad71651 elementor-widget elementor-widget-text-editor\" data-id=\"ad71651\" data-element_type=\"widget\" data-widget_type=\"text-editor.default\">\n\t\t\t\t<div class=\"elementor-widget-container\">\n\t\t\t\t\t\t\t\t\t<h1>Adaptaci\u00f3n de los precios para otros paises<\/h1>\n<div class=\"separator small left\" style=\"background-color: #272e46;\"><\/div>\n<div>Debido a las grandes diferencias de los niveles econ\u00f3micos en los distintos paises ofrezco una adaptaci\u00f3n de mis precios para las consultas al nivel estandard de sus respectivos paises. Solicitelo a trav\u00e9s de mi contacto email.\n<div class=\"vc_empty_space\"><\/div>\n&nbsp;\n\n<\/div>\n<a class=\"qbutton default\" href=\"https:\/\/traumarbeit.org\/es\/noticias-blog\/\" target=\"_self\">noticias \/ blog<\/a>\t\t\t\t\t\t\t\t<\/div>\n\t\t\t\t<\/div>\n\t\t\t\t<div class=\"elementor-element elementor-element-c91dd2d elementor-widget elementor-widget-spacer\" data-id=\"c91dd2d\" data-element_type=\"widget\" data-widget_type=\"spacer.default\">\n\t\t\t\t<div class=\"elementor-widget-container\">\n\t\t\t\t\t\t\t<div class=\"elementor-spacer\">\n\t\t\t<div class=\"elementor-spacer-inner\"><\/div>\n\t\t<\/div>\n\t\t\t\t\t\t<\/div>\n\t\t\t\t<\/div>\n\t\t\t\t\t<\/div>\n\t\t<\/div>\n\t\t\t\t\t<\/div>\n\t\t<\/section>\n\t\t\t\t<\/div>\n\t\t","protected":false},"excerpt":{"rendered":"<p>Descubre el significado de tus sue\u00f1os \u00a0 Cualquier persona tiene alguna vez sue\u00f1os que le conmueven o pesadillas o sue\u00f1os repetitivos que merece la pena entender. Es muy valioso asomarse al significado de los sue\u00f1os mediante una interpretaci\u00f3n profesional, a\u00fan sin continuidad, puede abrir nuevas&#8230;<\/p>\n","protected":false},"author":1,"featured_media":0,"parent":0,"menu_order":0,"comment_status":"closed","ping_status":"closed","template":"elementor_header_footer","meta":{"footnotes":""},"class_list":["post-17257","page","type-page","status-publish","hentry"],"_links":{"self":[{"href":"https:\/\/traumarbeit.org\/es\/wp-json\/wp\/v2\/pages\/17257","targetHints":{"allow":["GET"]}}],"collection":[{"href":"https:\/\/traumarbeit.org\/es\/wp-json\/wp\/v2\/pages"}],"about":[{"href":"https:\/\/traumarbeit.org\/es\/wp-json\/wp\/v2\/types\/page"}],"author":[{"embeddable":true,"href":"https:\/\/traumarbeit.org\/es\/wp-json\/wp\/v2\/users\/1"}],"replies":[{"embeddable":true,"href":"https:\/\/traumarbeit.org\/es\/wp-json\/wp\/v2\/comments?post=17257"}],"version-history":[{"count":23,"href":"https:\/\/traumarbeit.org\/es\/wp-json\/wp\/v2\/pages\/17257\/revisions"}],"predecessor-version":[{"id":17294,"href":"https:\/\/traumarbeit.org\/es\/wp-json\/wp\/v2\/pages\/17257\/revisions\/17294"}],"wp:attachment":[{"href":"https:\/\/traumarbeit.org\/es\/wp-json\/wp\/v2\/media?parent=17257"}],"curies":[{"name":"wp","href":"https:\/\/api.w.org\/{rel}","templated":true}]}}